{"id":3499,"date":"2026-02-24T09:55:55","date_gmt":"2026-02-24T09:55:55","guid":{"rendered":"http:\/\/ctzhhr.local\/?page_id=3499"},"modified":"2026-04-01T09:15:08","modified_gmt":"2026-04-01T08:15:08","slug":"marketing-suradnja","status":"publish","type":"page","link":"https:\/\/ctzh.hr\/index.php\/marketing-suradnja\/","title":{"rendered":"Marketing &amp; Suradnja"},"content":{"rendered":"\n<div class=\"wp-block-cover alignfull\" style=\"padding-top:var(--wp--preset--spacing--40);padding-bottom:var(--wp--preset--spacing--40);min-height:450px;aspect-ratio:unset;\"><img loading=\"lazy\" decoding=\"async\" width=\"1920\" height=\"1080\" class=\"wp-block-cover__image-background wp-image-3508 size-full\" alt=\"\" src=\"http:\/\/ctzhhr.local\/wp-content\/uploads\/2026\/02\/hero.webp\" data-object-fit=\"cover\" srcset=\"https:\/\/ctzh.hr\/wp-content\/uploads\/2026\/02\/hero.webp 1920w, https:\/\/ctzh.hr\/wp-content\/uploads\/2026\/02\/hero-300x169.webp 300w, https:\/\/ctzh.hr\/wp-content\/uploads\/2026\/02\/hero-1024x576.webp 1024w, https:\/\/ctzh.hr\/wp-content\/uploads\/2026\/02\/hero-768x432.webp 768w, https:\/\/ctzh.hr\/wp-content\/uploads\/2026\/02\/hero-1536x864.webp 1536w\" sizes=\"auto, (max-width: 1920px) 100vw, 1920px\" \/><span aria-hidden=\"true\" class=\"wp-block-cover__background has-background-dim\" style=\"background-color:#3a585e\"><\/span><div class=\"wp-block-cover__inner-container is-layout-constrained wp-block-cover-is-layout-constrained\">\n<h1 class=\"wp-block-heading has-text-align-center has-x-large-font-size\"><strong>Rastimo zajedno: CTZH Early Adopter Program<\/strong><\/h1>\n\n\n\n<hr class=\"wp-block-separator has-alpha-channel-opacity\"\/>\n<\/div><\/div>\n\n\n\n<div style=\"height:80px\" aria-hidden=\"true\" class=\"wp-block-spacer\"><\/div>\n\n\n\n<div class=\"wp-block-columns alignwide are-vertically-aligned-center marketing_sec2 is-layout-flex wp-container-core-columns-is-layout-944c7503 wp-block-columns-is-layout-flex\" style=\"padding-right:0px;padding-left:0px\">\n<div class=\"wp-block-column is-vertically-aligned-center is-layout-flow wp-block-column-is-layout-flow\">\n<figure class=\"wp-block-image size-full has-custom-border\"><img loading=\"lazy\" decoding=\"async\" width=\"1080\" height=\"1080\" src=\"http:\/\/ctzhhr.local\/wp-content\/uploads\/2026\/02\/sekcija2.webp\" alt=\"\" class=\"wp-image-3509\" style=\"border-top-left-radius:8px;border-top-right-radius:8px;border-bottom-left-radius:8px;border-bottom-right-radius:8px\" srcset=\"https:\/\/ctzh.hr\/wp-content\/uploads\/2026\/02\/sekcija2.webp 1080w, https:\/\/ctzh.hr\/wp-content\/uploads\/2026\/02\/sekcija2-300x300.webp 300w, https:\/\/ctzh.hr\/wp-content\/uploads\/2026\/02\/sekcija2-1024x1024.webp 1024w, https:\/\/ctzh.hr\/wp-content\/uploads\/2026\/02\/sekcija2-150x150.webp 150w, https:\/\/ctzh.hr\/wp-content\/uploads\/2026\/02\/sekcija2-768x768.webp 768w\" sizes=\"auto, (max-width: 1080px) 100vw, 1080px\" \/><figcaption class=\"wp-element-caption\">Najbolji na\u010dini za monetizaciju znanja putem interneta.<\/figcaption><\/figure>\n<\/div>\n\n\n\n<div class=\"wp-block-column is-vertically-aligned-center is-layout-flow wp-block-column-is-layout-flow\" style=\"padding-top:0px;padding-right:0px;padding-bottom:0px;padding-left:0px\">\n<h2 class=\"wp-block-heading\">Vi\u0161e od obi\u010dnog portala<\/h2>\n\n\n\n<p><strong>CTZH je nastao iz potrebe da se u moru informacija filtrira ono \u0161to je uistinu bitno.<\/strong> <strong>Na\u0161 fokus je na tri stupa: postavljanju jasnih Ciljeva, pra\u0107enju digitalnih Trendova i unapre\u0111enju kvalitete \u017divota.<\/strong> <strong>Partnerstvom s nama, postajete dio te pri\u010de od samog po\u010detka.<\/strong><\/p>\n<\/div>\n<\/div>\n\n\n\n<div style=\"height:80px\" aria-hidden=\"true\" class=\"wp-block-spacer\"><\/div>\n\n\n\n<div class=\"wp-block-group alignfull has-palette-color-4-background-color has-background is-layout-constrained wp-block-group-is-layout-constrained\" style=\"padding-top:40px;padding-bottom:40px\">\n<h2 class=\"wp-block-heading has-text-align-center\">Povlastice za rane partnere<\/h2>\n\n\n\n<div style=\"height:40px\" aria-hidden=\"true\" class=\"wp-block-spacer\"><\/div>\n\n\n\n<div class=\"wp-block-columns alignwide is-layout-flex wp-container-core-columns-is-layout-28f84493 wp-block-columns-is-layout-flex\">\n<div class=\"wp-block-column is-vertically-aligned-top is-layout-flow wp-block-column-is-layout-flow\" style=\"padding-right:30px;padding-left:30px\"><style>.kt-svg-icons3499_0b9d8f-90 .kt-svg-item-0 .kb-svg-icon-wrap{color:var(--global-palette4, #2D3748);font-size:50px;}.wp-block-kadence-icon.kt-svg-icons3499_0b9d8f-90{justify-content:center;}<\/style>\n<div class=\"wp-block-kadence-icon kt-svg-icons kt-svg-icons3499_0b9d8f-90 alignnone\"><style>.kt-svg-item-3499_a097cc-61 .kb-svg-icon-wrap, .kt-svg-style-stacked.kt-svg-item-3499_a097cc-61 .kb-svg-icon-wrap{font-size:50px;}<\/style>\n<div class=\"wp-block-kadence-single-icon kt-svg-style-default kt-svg-icon-wrap kt-svg-item-3499_a097cc-61\"><span class=\"kb-svg-icon-wrap kb-svg-icon-fas_dollar-sign\"><svg viewBox=\"0 0 288 512\"  fill=\"currentColor\" xmlns=\"http:\/\/www.w3.org\/2000\/svg\"  aria-hidden=\"true\"><path d=\"M209.2 233.4l-108-31.6C88.7 198.2 80 186.5 80 173.5c0-16.3 13.2-29.5 29.5-29.5h66.3c12.2 0 24.2 3.7 34.2 10.5 6.1 4.1 14.3 3.1 19.5-2l34.8-34c7.1-6.9 6.1-18.4-1.8-24.5C238 74.8 207.4 64.1 176 64V16c0-8.8-7.2-16-16-16h-32c-8.8 0-16 7.2-16 16v48h-2.5C45.8 64-5.4 118.7.5 183.6c4.2 46.1 39.4 83.6 83.8 96.6l102.5 30c12.5 3.7 21.2 15.3 21.2 28.3 0 16.3-13.2 29.5-29.5 29.5h-66.3C100 368 88 364.3 78 357.5c-6.1-4.1-14.3-3.1-19.5 2l-34.8 34c-7.1 6.9-6.1 18.4 1.8 24.5 24.5 19.2 55.1 29.9 86.5 30v48c0 8.8 7.2 16 16 16h32c8.8 0 16-7.2 16-16v-48.2c46.6-.9 90.3-28.6 105.7-72.7 21.5-61.6-14.6-124.8-72.5-141.7z\"\/><\/svg><\/span><\/div>\n<\/div>\n\n\n\n<h4 class=\"wp-block-heading has-text-align-center\">Zajam\u010dena cijena<\/h4>\n\n\n\n<p class=\"has-text-align-center\">Kao partner u ovoj fazi, dobivate cijenu koja ostaje ista zauvijek, bez obzira na to koliko portal poraste.<\/p>\n<\/div>\n\n\n\n<div class=\"wp-block-column is-layout-flow wp-block-column-is-layout-flow\" style=\"padding-right:30px;padding-left:30px\"><style>.kt-svg-icons3499_7a7abc-52 .kt-svg-item-0 .kb-svg-icon-wrap{color:var(--global-palette4, #2D3748);font-size:50px;}.wp-block-kadence-icon.kt-svg-icons3499_7a7abc-52{justify-content:center;}<\/style>\n<div class=\"wp-block-kadence-icon kt-svg-icons kt-svg-icons3499_7a7abc-52 alignnone\"><style>.kt-svg-item-3499_3ca458-f6 .kb-svg-icon-wrap, .kt-svg-style-stacked.kt-svg-item-3499_3ca458-f6 .kb-svg-icon-wrap{font-size:50px;}<\/style>\n<div class=\"wp-block-kadence-single-icon kt-svg-style-default kt-svg-icon-wrap kt-svg-item-3499_3ca458-f6\"><span class=\"kb-svg-icon-wrap kb-svg-icon-ic_pencil\"><svg viewBox=\"0 0 8 8\"  fill=\"currentColor\" xmlns=\"http:\/\/www.w3.org\/2000\/svg\"  aria-hidden=\"true\"><path d=\"M6 0l-1 1 2 2 1-1-2-2zm-2 2l-4 4v2h2l4-4-2-2z\"\/><\/svg><\/span><\/div>\n<\/div>\n\n\n\n<h4 class=\"wp-block-heading has-text-align-center\"><strong>Autorski pristup<\/strong><\/h4>\n\n\n\n<p class=\"has-text-align-center\">Va\u0161 brend ne tretiramo kao obi\u010dan baner, ve\u0107 kroz tekstove koji educiraju i poma\u017eu na\u0161im \u010ditateljima.<\/p>\n<\/div>\n\n\n\n<div class=\"wp-block-column is-layout-flow wp-block-column-is-layout-flow\" style=\"padding-right:30px;padding-left:30px\"><style>.kt-svg-icons3499_12cdd4-55 .kt-svg-item-0 .kb-svg-icon-wrap{color:var(--global-palette4, #2D3748);font-size:50px;}.wp-block-kadence-icon.kt-svg-icons3499_12cdd4-55{justify-content:center;}<\/style>\n<div class=\"wp-block-kadence-icon kt-svg-icons kt-svg-icons3499_12cdd4-55 alignnone\"><style>.kt-svg-item-3499_f3101e-2c .kb-svg-icon-wrap, .kt-svg-style-stacked.kt-svg-item-3499_f3101e-2c .kb-svg-icon-wrap{font-size:50px;}<\/style>\n<div class=\"wp-block-kadence-single-icon kt-svg-style-default kt-svg-icon-wrap kt-svg-item-3499_f3101e-2c\"><span class=\"kb-svg-icon-wrap kb-svg-icon-fas_rocket\"><svg viewBox=\"0 0 512 512\"  fill=\"currentColor\" xmlns=\"http:\/\/www.w3.org\/2000\/svg\"  aria-hidden=\"true\"><path d=\"M505.1 19.1C503.8 13 499 8.2 492.9 6.9 460.7 0 435.5 0 410.4 0 307.2 0 245.3 55.2 199.1 128H94.9c-18.2 0-34.8 10.3-42.9 26.5L2.6 253.3c-8 16 3.6 34.7 21.5 34.7h95.1c-5.9 12.8-11.9 25.5-18 37.7-3.1 6.2-1.9 13.6 3 18.5l63.6 63.6c4.9 4.9 12.3 6.1 18.5 3 12.2-6.1 24.9-12 37.7-17.9V488c0 17.8 18.8 29.4 34.7 21.5l98.7-49.4c16.3-8.1 26.5-24.8 26.5-42.9V312.8c72.6-46.3 128-108.4 128-211.1.1-25.2.1-50.4-6.8-82.6zM400 160c-26.5 0-48-21.5-48-48s21.5-48 48-48 48 21.5 48 48-21.5 48-48 48z\"\/><\/svg><\/span><\/div>\n<\/div>\n\n\n\n<h4 class=\"wp-block-heading has-text-align-center\">Premium pozicije<\/h4>\n\n\n\n<p class=\"has-text-align-center\">Dobivate najistaknutija mjesta na portalu dok jo\u0161 gradimo strukturu, osiguravaju\u0107i da vas nitko ne proma\u0161i.<\/p>\n<\/div>\n<\/div>\n<\/div>\n\n\n\n<div style=\"height:80px\" aria-hidden=\"true\" class=\"wp-block-spacer\"><\/div>\n\n\n\n<h2 class=\"wp-block-heading has-text-align-center\">Kreirajmo ne\u0161to novo<\/h2>\n\n\n\n<p class=\"has-text-align-center\">Popunite kratku formu ispod i javit \u0107emo vam se u roku od 24h kako bismo prodiskutirali o mogu\u0107nostima partnerstva.<\/p>\n\n\n\n<div class=\"wp-block-group is-layout-constrained wp-container-core-group-is-layout-92ef7b19 wp-block-group-is-layout-constrained\"><div class=\"wpforms-container wpforms-block wpforms-block-2c2c1c67-3208-4bc3-946d-956dc27465b2 wpforms-render-modern\" id=\"wpforms-3161\"><form id=\"wpforms-form-3161\" class=\"wpforms-validate wpforms-form\" data-formid=\"3161\" method=\"post\" enctype=\"multipart\/form-data\" action=\"\/index.php\/wp-json\/wp\/v2\/pages\/3499\" data-token=\"fb98b388b09ac07bf1ad0207e1761f0f\" data-token-time=\"1776056954\"><noscript class=\"wpforms-error-noscript\">Please enable JavaScript in your browser to complete this form.<\/noscript><div id=\"wpforms-error-noscript\" style=\"display: none;\">Please enable JavaScript in your browser to complete this form.<\/div><div class=\"wpforms-field-container\"><div id=\"wpforms-3161-field_0-container\" class=\"wpforms-field wpforms-field-name\" data-field-id=\"0\"><label class=\"wpforms-field-label\" for=\"wpforms-3161-field_0\">Va\u0161e ime <span class=\"wpforms-required-label\" aria-hidden=\"true\">*<\/span><\/label><input type=\"text\" id=\"wpforms-3161-field_0\" class=\"wpforms-field-large wpforms-field-required\" name=\"wpforms[fields][0]\" aria-errormessage=\"wpforms-3161-field_0-error\" required><\/div><div id=\"wpforms-3161-field_1-container\" class=\"wpforms-field wpforms-field-email\" data-field-id=\"1\"><label class=\"wpforms-field-label\" for=\"wpforms-3161-field_1\">Va\u0161a e-po\u0161ta <span class=\"wpforms-required-label\" aria-hidden=\"true\">*<\/span><\/label><input type=\"email\" id=\"wpforms-3161-field_1\" class=\"wpforms-field-large wpforms-field-required\" name=\"wpforms[fields][1]\" spellcheck=\"false\" aria-errormessage=\"wpforms-3161-field_1-error\" required><\/div><div id=\"wpforms-3161-field_3-container\" class=\"wpforms-field wpforms-field-text\" data-field-id=\"3\"><label class=\"wpforms-field-label\" for=\"wpforms-3161-field_3\">Naslov upita <span class=\"wpforms-required-label\" aria-hidden=\"true\">*<\/span><\/label><input type=\"text\" id=\"wpforms-3161-field_3\" class=\"wpforms-field-large wpforms-field-required\" name=\"wpforms[fields][3]\" aria-errormessage=\"wpforms-3161-field_3-error\" required><\/div><div id=\"wpforms-3161-field_2-container\" class=\"wpforms-field wpforms-field-textarea\" data-field-id=\"2\"><label class=\"wpforms-field-label\" for=\"wpforms-3161-field_2\">Poruka <span class=\"wpforms-required-label\" aria-hidden=\"true\">*<\/span><\/label><textarea id=\"wpforms-3161-field_2\" class=\"wpforms-field-medium wpforms-field-required\" name=\"wpforms[fields][2]\" aria-errormessage=\"wpforms-3161-field_2-error\" required><\/textarea><\/div><\/div><!-- .wpforms-field-container --><div class=\"wpforms-field wpforms-field-hp\"><label for=\"wpforms-3161-field-hp\" class=\"wpforms-field-label\">Email<\/label><input type=\"text\" name=\"wpforms[hp]\" id=\"wpforms-3161-field-hp\" class=\"wpforms-field-medium\"><\/div><div class=\"wpforms-submit-container\" ><input type=\"hidden\" name=\"wpforms[id]\" value=\"3161\"><input type=\"hidden\" name=\"page_title\" value=\"\"><input type=\"hidden\" name=\"page_url\" value=\"https:\/\/ctzh.hr\/index.php\/wp-json\/wp\/v2\/pages\/3499\"><input type=\"hidden\" name=\"url_referer\" value=\"\"><button type=\"submit\" name=\"wpforms[submit]\" id=\"wpforms-submit-3161\" class=\"wpforms-submit\" data-alt-text=\"Slanje...\" data-submit-text=\"Po\u0161alji\" aria-live=\"assertive\" value=\"wpforms-submit\">Po\u0161alji<\/button><\/div><\/form><\/div>  <!-- .wpforms-container --><\/div>\n\n\n\n<p class=\"has-text-align-center has-small-font-size\"><strong>Ili nas kontaktirajte izravno putem e-maila:<\/strong> <strong>desk@ctzh.hr<\/strong><\/p>\n","protected":false},"excerpt":{"rendered":"<p>Vi&scaron;e od obi&#269;nog portala CTZH je nastao iz potrebe da se u moru informacija filtrira ono &scaron;to je uistinu bitno. Na&scaron; fokus je na tri stupa: postavljanju jasnih Ciljeva, pra&#263;enju digitalnih Trendova i unapre&#273;enju kvalitete &#381;ivota. Partnerstvom s nama, postajete dio te pri&#269;e od samog po&#269;etka. Povlastice za rane partnere Zajam&#269;ena cijena Kao partner u [&hellip;]<\/p>\n","protected":false},"author":3,"featured_media":0,"parent":0,"menu_order":0,"comment_status":"closed","ping_status":"closed","template":"","meta":{"footnotes":""},"class_list":["post-3499","page","type-page","status-publish","hentry"],"blocksy_meta":{"page_structure_type":"type-4","styles_descriptor":{"styles":{"desktop":"","tablet":"","mobile":""},"google_fonts":[],"version":6},"has_hero_section":"disabled","vertical_spacing_source":"custom","content_area_spacing":"bottom"},"_links":{"self":[{"href":"https:\/\/ctzh.hr\/index.php\/wp-json\/wp\/v2\/pages\/3499","targetHints":{"allow":["GET"]}}],"collection":[{"href":"https:\/\/ctzh.hr\/index.php\/wp-json\/wp\/v2\/pages"}],"about":[{"href":"https:\/\/ctzh.hr\/index.php\/wp-json\/wp\/v2\/types\/page"}],"author":[{"embeddable":true,"href":"https:\/\/ctzh.hr\/index.php\/wp-json\/wp\/v2\/users\/3"}],"replies":[{"embeddable":true,"href":"https:\/\/ctzh.hr\/index.php\/wp-json\/wp\/v2\/comments?post=3499"}],"version-history":[{"count":20,"href":"https:\/\/ctzh.hr\/index.php\/wp-json\/wp\/v2\/pages\/3499\/revisions"}],"predecessor-version":[{"id":3770,"href":"https:\/\/ctzh.hr\/index.php\/wp-json\/wp\/v2\/pages\/3499\/revisions\/3770"}],"wp:attachment":[{"href":"https:\/\/ctzh.hr\/index.php\/wp-json\/wp\/v2\/media?parent=3499"}],"curies":[{"name":"wp","href":"https:\/\/api.w.org\/{rel}","templated":true}]}}