{"id":3170,"date":"2020-01-23T16:37:26","date_gmt":"2020-01-23T16:37:26","guid":{"rendered":"https:\/\/startersites.io\/blocksy\/blog\/?page_id=3"},"modified":"2026-04-01T09:23:18","modified_gmt":"2026-04-01T08:23:18","slug":"terms-services","status":"publish","type":"page","link":"https:\/\/ctzh.hr\/index.php\/terms-services\/","title":{"rendered":"Terms &amp; Services"},"content":{"rendered":"\n<h1 class=\"wp-block-heading\"><strong>Uvjeti kori\u0161tenja<\/strong><\/h1>\n\n\n\n<blockquote class=\"wp-block-quote is-layout-flow wp-block-quote-is-layout-flow\">\n<p>Zadnji put a\u017eurirano: 25. velja\u010de 2026.<\/p>\n<\/blockquote>\n\n\n\n<p>Dobrodo\u0161li na <strong>ctzh.hr<\/strong>. Pristupanjem ovom portalu prihva\u0107ate sljede\u0107e uvjete kori\u0161tenja. Molimo vas da ih pa\u017eljivo pro\u010ditate.<\/p>\n\n\n\n<h2 class=\"wp-block-heading\">Intelektualno vlasni\u0161tvo<\/h2>\n\n\n\n<p>Sav sadr\u017eaj objavljen na ctzh.hr \u2014 uklju\u010duju\u0107i tekstove, autorske fotografije, logotip i vizualni identitet \u2014 vlasni\u0161tvo je portala CTZ, osim ako nije druga\u010dije nazna\u010deno.<\/p>\n\n\n\n<ul class=\"wp-block-list\">\n<li><strong>Dozvoljeno:<\/strong> Dijeljenje poveznica (linkova) na na\u0161e tekstove na dru\u0161tvenim mre\u017eama uz jasno navo\u0111enje izvora.<\/li>\n\n\n\n<li><strong>Zabranjeno:<\/strong> Kopiranje cjelokupnih tekstova, preuzimanje autorskih fotografija bez dozvole ili kori\u0161tenje sadr\u017eaja u komercijalne svrhe bez prethodnog pisanog odobrenja redakcije.<\/li>\n<\/ul>\n\n\n\n<h2 class=\"wp-block-heading\">Odricanje od odgovornosti<\/h2>\n\n\n\n<p>Sadr\u017eaj na ctzh.hr je informativnog i edukativnog karaktera.<\/p>\n\n\n\n<ul class=\"wp-block-list\">\n<li>Iako se trudimo pru\u017eiti to\u010dne i provjerene informacije, CTZ ne snosi odgovornost za eventualne pogre\u0161ke ili propuste u sadr\u017eaju.<\/li>\n\n\n\n<li>Savjeti iz podru\u010dja \u201eCilj\u201d i \u201e\u017divot\u201d (poput financija ili <em>wellnessa<\/em>) ne predstavljaju profesionalne medicinske ili investicijske savjete. Svaku odluku donosite na vlastitu odgovornost.<\/li>\n<\/ul>\n\n\n\n<h2 class=\"wp-block-heading\">Pravila pona\u0161anja korisnika<\/h2>\n\n\n\n<p>Prilikom kori\u0161tenja portala i ostavljanja komentara (tamo gdje je to omogu\u0107eno), zabranjeno je:<\/p>\n\n\n\n<ul class=\"wp-block-list\">\n<li>Objavljivanje uvredljivog, diskriminatornog ili nezakonitog sadr\u017eaja.<\/li>\n\n\n\n<li><em>Spammanje<\/em> kontakt obrasca ili sekcije za komentare reklamnim porukama.<\/li>\n\n\n\n<li>Poku\u0161aj ugro\u017eavanja sigurnosti stranice ili ometanje njezinog normalnog rada.<\/li>\n<\/ul>\n\n\n\n<h2 class=\"wp-block-heading\"><strong>Poveznice na tre\u0107e strane<\/strong><\/h2>\n\n\n\n<p>CTZH mo\u017ee sadr\u017eavati poveznice na vanjske web stranice. Mi nemamo kontrolu nad sadr\u017eajem tih stranica i ne snosimo odgovornost za njihove uvjete kori\u0161tenja ili politiku privatnosti.<\/p>\n\n\n\n<h2 class=\"wp-block-heading\"><strong>Izmjene uvjeta<\/strong><\/h2>\n\n\n\n<p>Zadr\u017eavamo pravo izmijeniti ove uvjete u bilo kojem trenutku. Sve izmjene stupaju na snagu onog trenutka kada budu objavljene na ovoj stranici. Va\u0161e nastavljeno kori\u0161tenje portala nakon izmjena smatrat \u0107e se prihvatanjem novih uvjeta.<\/p>\n\n\n\n<h2 class=\"wp-block-heading\">Kontakt<\/h2>\n\n\n\n<p>Za sva pitanja u vezi s Uvjetima kori\u0161tenja, mo\u017eete nas kontaktirati putem na\u0161e <a href=\"\/index.php\/kontakt\">Kontakt stranice<\/a>.<\/p>\n\n\n\n<div style=\"height:100px\" aria-hidden=\"true\" class=\"wp-block-spacer\"><\/div>\n","protected":false},"excerpt":{"rendered":"<p>Uvjeti kori&scaron;tenja Zadnji put a&#382;urirano: 25. velja&#269;e 2026. Dobrodo&scaron;li na ctzh.hr. Pristupanjem ovom portalu prihva&#263;ate sljede&#263;e uvjete kori&scaron;tenja. Molimo vas da ih pa&#382;ljivo pro&#269;itate. Intelektualno vlasni&scaron;tvo Sav sadr&#382;aj objavljen na ctzh.hr &mdash; uklju&#269;uju&#263;i tekstove, autorske fotografije, logotip i vizualni identitet &mdash; vlasni&scaron;tvo je portala CTZ, osim ako nije druga&#269;ije nazna&#269;eno. Odricanje od odgovornosti Sadr&#382;aj na [&hellip;]<\/p>\n","protected":false},"author":3,"featured_media":0,"parent":0,"menu_order":0,"comment_status":"closed","ping_status":"closed","template":"","meta":{"footnotes":""},"class_list":["post-3170","page","type-page","status-publish","hentry"],"blocksy_meta":{"page_structure_type":"type-3","styles_descriptor":{"styles":{"desktop":"","tablet":"","mobile":""},"google_fonts":[],"version":6},"has_hero_section":"disabled"},"_links":{"self":[{"href":"https:\/\/ctzh.hr\/index.php\/wp-json\/wp\/v2\/pages\/3170","targetHints":{"allow":["GET"]}}],"collection":[{"href":"https:\/\/ctzh.hr\/index.php\/wp-json\/wp\/v2\/pages"}],"about":[{"href":"https:\/\/ctzh.hr\/index.php\/wp-json\/wp\/v2\/types\/page"}],"author":[{"embeddable":true,"href":"https:\/\/ctzh.hr\/index.php\/wp-json\/wp\/v2\/users\/3"}],"replies":[{"embeddable":true,"href":"https:\/\/ctzh.hr\/index.php\/wp-json\/wp\/v2\/comments?post=3170"}],"version-history":[{"count":4,"href":"https:\/\/ctzh.hr\/index.php\/wp-json\/wp\/v2\/pages\/3170\/revisions"}],"predecessor-version":[{"id":3772,"href":"https:\/\/ctzh.hr\/index.php\/wp-json\/wp\/v2\/pages\/3170\/revisions\/3772"}],"wp:attachment":[{"href":"https:\/\/ctzh.hr\/index.php\/wp-json\/wp\/v2\/media?parent=3170"}],"curies":[{"name":"wp","href":"https:\/\/api.w.org\/{rel}","templated":true}]}}