{"id":3,"date":"2025-09-24T18:33:22","date_gmt":"2025-09-24T18:33:22","guid":{"rendered":"http:\/\/ctzhhr.local\/?page_id=3"},"modified":"2026-04-01T09:26:05","modified_gmt":"2026-04-01T08:26:05","slug":"privacy-policy","status":"publish","type":"page","link":"https:\/\/ctzh.hr\/index.php\/privacy-policy\/","title":{"rendered":"Privacy Policy"},"content":{"rendered":"\n<h1 class=\"wp-block-heading\">Politika privatnosti<\/h1>\n\n\n\n<blockquote class=\"wp-block-quote is-layout-flow wp-block-quote-is-layout-flow\">\n<p><strong>Zadnji put a\u017eurirano:<\/strong> 25. velja\u010de 2026.<\/p>\n<\/blockquote>\n\n\n\n<p>Privatnost na\u0161ih posjetitelja na <strong>ctzh.hr<\/strong> na\u0161 je prioritet. Ovaj dokument obja\u0161njava koje podatke prikupljamo i kako ih koristimo u svrhu pru\u017eanja boljeg korisni\u010dkog iskustva.<\/p>\n\n\n\n<h2 class=\"wp-block-heading\">Tko smo mi<\/h2>\n\n\n\n<p>Adresa na\u0161eg portala je: <strong><a target=\"_blank\" rel=\"noreferrer noopener\" href=\"https:\/\/www.google.com\/url?sa=E&amp;source=gmail&amp;q=https:\/\/ctzh.hr\">https:\/\/ctzh.hr<\/a><\/strong>. Mi smo digitalna platforma fokusirana na filtriranje klju\u010dnih informacija iz podru\u010dja ciljeva, trendova i modernog \u017eivota.<\/p>\n\n\n\n<h2 class=\"wp-block-heading\">Podaci koje prikupljamo<\/h2>\n\n\n\n<ul class=\"wp-block-list\">\n<li><strong>Kontakt obrasci:<\/strong> Kada nas kontaktirate putem obrasca na stranicama \u201eKontakt\u201d ili \u201eSuradnja\u201d, prikupljamo va\u0161e ime i e-mail adresu. Ove podatke koristimo isklju\u010divo za izravnu komunikaciju s vama i ne dijelimo ih s tre\u0107im stranama.<\/li>\n\n\n\n<li><strong>Analitika:<\/strong> Koristimo anonimizirane podatke o posjetima (poput Google Analyticsa) kako bismo razumjeli koje vas teme najvi\u0161e zanimaju i unaprijedili kvalitetu sadr\u017eaja.<\/li>\n<\/ul>\n\n\n\n<h2 class=\"wp-block-heading\">Kola\u010di\u0107i (Cookies)<\/h2>\n\n\n\n<p>Kola\u010di\u0107i su male datoteke koje se privremeno smje\u0161taju na va\u0161 ure\u0111aj radi lak\u0161eg kori\u0161tenja stranice.<\/p>\n\n\n\n<ul class=\"wp-block-list\">\n<li>Koristimo neophodne kola\u010di\u0107e za funkcioniranje sustava i analiti\u010dke kola\u010di\u0107e za pra\u0107enje performansi stranice.<\/li>\n\n\n\n<li>Mo\u017eete onemogu\u0107iti kola\u010di\u0107e u postavkama va\u0161eg preglednika, ali to mo\u017ee utjecati na funkcionalnost odre\u0111enih dijelova stranice.<\/li>\n<\/ul>\n\n\n\n<h2 class=\"wp-block-heading\">Ugra\u0111eni sadr\u017eaj s drugih stranica<\/h2>\n\n\n\n<p>\u010clanci na ovoj stranici mogu sadr\u017eavati ugra\u0111eni sadr\u017eaj (npr. videozapise s YouTubea, slike, objave s dru\u0161tvenih mre\u017ea). Ugra\u0111eni sadr\u017eaj s drugih web stranica pona\u0161a se na potpuno isti na\u010din kao da ste posjetili tu drugu web stranicu, koja mo\u017ee prikupljati podatke o vama.<\/p>\n\n\n\n<h2 class=\"wp-block-heading\">Koliko dugo \u010duvamo va\u0161e podatke<\/h2>\n\n\n\n<p>Podatke iz kontakt obrasca \u010duvamo onoliko dugo koliko je potrebno za rje\u0161avanje va\u0161eg upita ili dok traje na\u0161a poslovna suradnja.<\/p>\n\n\n\n<h2 class=\"wp-block-heading\">Va\u0161a prava nad podacima<\/h2>\n\n\n\n<p>U svakom trenutku mo\u017eete zatra\u017eiti da vam po\u0161aljemo izvoz va\u0161ih osobnih podataka koje posjedujemo ili da obri\u0161emo sve osobne podatke koje imamo o vama. Ovo ne uklju\u010duje podatke koje smo obvezni \u010duvati iz administrativnih, pravnih ili sigurnosnih razloga.<\/p>\n\n\n\n<h2 class=\"wp-block-heading\">Gde \u0161aljemo va\u0161e podatke<\/h2>\n\n\n\n<p>Va\u0161i upiti mogu biti provjereni putem automatiziranih usluga za detekciju ne\u017eeljenih poruka (<em>spam<\/em>).<\/p>\n\n\n\n<div style=\"height:100px\" aria-hidden=\"true\" class=\"wp-block-spacer\"><\/div>\n","protected":false},"excerpt":{"rendered":"<p>Politika privatnosti Zadnji put a&#382;urirano: 25. velja&#269;e 2026. Privatnost na&scaron;ih posjetitelja na ctzh.hr na&scaron; je prioritet. Ovaj dokument obja&scaron;njava koje podatke prikupljamo i kako ih koristimo u svrhu pru&#382;anja boljeg korisni&#269;kog iskustva. Tko smo mi Adresa na&scaron;eg portala je: https:\/\/ctzh.hr. Mi smo digitalna platforma fokusirana na filtriranje klju&#269;nih informacija iz podru&#269;ja ciljeva, trendova i modernog [&hellip;]<\/p>\n","protected":false},"author":3,"featured_media":0,"parent":0,"menu_order":0,"comment_status":"closed","ping_status":"closed","template":"","meta":{"footnotes":""},"class_list":["post-3","page","type-page","status-publish","hentry"],"blocksy_meta":{"page_structure_type":"type-3","styles_descriptor":{"styles":{"desktop":"","tablet":"","mobile":""},"google_fonts":[],"version":6},"has_hero_section":"disabled"},"_links":{"self":[{"href":"https:\/\/ctzh.hr\/index.php\/wp-json\/wp\/v2\/pages\/3","targetHints":{"allow":["GET"]}}],"collection":[{"href":"https:\/\/ctzh.hr\/index.php\/wp-json\/wp\/v2\/pages"}],"about":[{"href":"https:\/\/ctzh.hr\/index.php\/wp-json\/wp\/v2\/types\/page"}],"author":[{"embeddable":true,"href":"https:\/\/ctzh.hr\/index.php\/wp-json\/wp\/v2\/users\/3"}],"replies":[{"embeddable":true,"href":"https:\/\/ctzh.hr\/index.php\/wp-json\/wp\/v2\/comments?post=3"}],"version-history":[{"count":5,"href":"https:\/\/ctzh.hr\/index.php\/wp-json\/wp\/v2\/pages\/3\/revisions"}],"predecessor-version":[{"id":3776,"href":"https:\/\/ctzh.hr\/index.php\/wp-json\/wp\/v2\/pages\/3\/revisions\/3776"}],"wp:attachment":[{"href":"https:\/\/ctzh.hr\/index.php\/wp-json\/wp\/v2\/media?parent=3"}],"curies":[{"name":"wp","href":"https:\/\/api.w.org\/{rel}","templated":true}]}}